{"id":3,"date":"2020-03-17T14:56:48","date_gmt":"2020-03-17T14:56:48","guid":{"rendered":"http:\/\/www.matkastudio.fi\/mall_of_matkastudio\/?page_id=3"},"modified":"2021-01-11T07:10:18","modified_gmt":"2021-01-11T07:10:18","slug":"privacy-policy","status":"publish","type":"page","link":"https:\/\/www.matkastudio.fi\/mall_of_matkastudio\/privacy-policy\/","title":{"rendered":"Tietosuojaseloste"},"content":{"rendered":"\n<h2 class=\"wp-block-heading\">Tietosuojaseloste 10.01.2021<\/h2>\n\n\n\n<h3 class=\"wp-block-heading\">Rekisterinpit\u00e4j\u00e4 ja sen yhteystiedot<\/h3>\n\n\n\n<p>Matkastudio Oy (y-tunnus: 2578943-1)<br>Maamiehentie 20<br>33340 Tampere<br><a href=\"mailto:info@yritysoy.com\">kauppa@matkastudio.fi<\/a><\/p>\n\n\n\n<h3 class=\"wp-block-heading\">Mit\u00e4 tietoja minusta ker\u00e4t\u00e4\u00e4n?<\/h3>\n\n\n\n<p>Asiakasrekisteriin tallennetaan asiakkaan\u00a0<em>etunimi, sukunimi, katuosoite, postinumero, postitoimipaikka, maa, s\u00e4hk\u00f6postiosoite, puhelinnumero, asioidessa k\u00e4ytetty kieli, asioidessa k\u00e4ytetty valuutta<\/em>. Yritysasiakkaalta tallennetaan lis\u00e4ksi\u00a0<em>yrityksen nimi, y-tunnus ja alv-tunnus<\/em>.<\/p>\n\n\n\n<p>Lis\u00e4ksi verkkokaupan tilaustietoihin tallennetaan asiakkaan\u00a0<em>tilauksen yhteydess\u00e4 antamat tiedot, kuten tilauksen tuotesis\u00e4lt\u00f6, maksutapa ja toimitustapa<\/em>.<\/p>\n\n\n\n<h3 class=\"wp-block-heading\">Mihin henkil\u00f6tietoja k\u00e4ytet\u00e4\u00e4n?<\/h3>\n\n\n\n<p>Henkil\u00f6tietoja k\u00e4ytet\u00e4\u00e4n:<\/p>\n\n\n\n<ul class=\"wp-block-list\"><li>Asiakassuhteen hoitamiseen<\/li><li>Tilauksen toimitukseen ja k\u00e4sittelyyn, sek\u00e4 arkistointiin<\/li><li>Tilastollisiin tarkoituksiin<\/li><li>Markkinointitarkoituksiin<\/li><\/ul>\n\n\n\n<p>Henkil\u00f6tietojen k\u00e4sittelyn oikeusperusteena on sopimus, suostumus tai oikeutettu etu.<\/p>\n\n\n\n<p>Henkil\u00f6tietojen k\u00e4sittelyss\u00e4 on huomioitu 25.5.2018 alkaen noudatettavan EU:n tietosuoja-asetuksen asettamat vaatimukset.<\/p>\n\n\n\n<h3 class=\"wp-block-heading\">Kuinka kauan henkil\u00f6tietojani s\u00e4ilytet\u00e4\u00e4n?<\/h3>\n\n\n\n<p>S\u00e4ilyt\u00e4mme henkil\u00f6tietojasi niin kauan, kuin on tarpeellista rekisterin k\u00e4ytt\u00f6tarkoitusten toteuttamiseksi.<\/p>\n\n\n\n<p>Lis\u00e4ksi joitain tietoja voidaan s\u00e4ilytt\u00e4\u00e4 kauemmin niilt\u00e4 osin kuin se on tarpeen laissa asetettujen velvollisuuksien, kuten kirjanpitoa ja kuluttajakauppaa koskevien vastuiden hoitamiseksi.<\/p>\n\n\n\n<h3 class=\"wp-block-heading\">Tietojen luovutus kolmansille osapuolille<\/h3>\n\n\n\n<p>Luovutamme henkil\u00f6tietoja logistiikka ja maksupalvelu yhteisty\u00f6kumppaneille, verkkokauppamme toiminnan mahdollistamiseksi.<\/p>\n\n\n\n<h3 class=\"wp-block-heading\">Asiakkaan oikeudet Asiakkaana sinulla on seuraavat oikeudet:<\/h3>\n\n\n\n<ul class=\"wp-block-list\"><li>Tarkistusoikeus<\/li><li>Oikaisuoikeus<\/li><li>Oikeus peruuttaa suostumus<\/li><li>Poisto-oikeus<\/li><\/ul>\n","protected":false},"excerpt":{"rendered":"<p>Tietosuojaseloste 10.01.2021 Rekisterinpit\u00e4j\u00e4 ja sen yhteystiedot Matkastudio Oy (y-tunnus: 2578943-1)Maamiehentie 2033340 Tamperekauppa@matkastudio.fi Mit\u00e4 tietoja minusta ker\u00e4t\u00e4\u00e4n? Asiakasrekisteriin tallennetaan asiakkaan\u00a0etunimi, sukunimi, katuosoite, postinumero, postitoimipaikka, maa, s\u00e4hk\u00f6postiosoite, puhelinnumero, asioidessa k\u00e4ytetty kieli, asioidessa k\u00e4ytetty valuutta. Yritysasiakkaalta tallennetaan lis\u00e4ksi\u00a0yrityksen nimi, y-tunnus ja alv-tunnus. Lis\u00e4ksi verkkokaupan tilaustietoihin tallennetaan asiakkaan\u00a0tilauksen yhteydess\u00e4 antamat tiedot, kuten tilauksen tuotesis\u00e4lt\u00f6, maksutapa ja toimitustapa. Mihin henkil\u00f6tietoja [&hellip;]<\/p>\n","protected":false},"author":1,"featured_media":0,"parent":0,"menu_order":0,"comment_status":"closed","ping_status":"open","template":"","meta":{"zakra_page_container_layout":"customizer","zakra_page_sidebar_layout":"customizer","zakra_remove_content_margin":false,"zakra_sidebar":"customizer","zakra_transparent_header":"customizer","zakra_logo":0,"zakra_main_header_style":"default","zakra_menu_item_color":"","zakra_menu_item_hover_color":"","zakra_menu_item_active_color":"","zakra_menu_active_style":"","zakra_page_header":true,"footnotes":""},"class_list":["post-3","page","type-page","status-publish","hentry"],"_links":{"self":[{"href":"https:\/\/www.matkastudio.fi\/mall_of_matkastudio\/wp-json\/wp\/v2\/pages\/3","targetHints":{"allow":["GET"]}}],"collection":[{"href":"https:\/\/www.matkastudio.fi\/mall_of_matkastudio\/wp-json\/wp\/v2\/pages"}],"about":[{"href":"https:\/\/www.matkastudio.fi\/mall_of_matkastudio\/wp-json\/wp\/v2\/types\/page"}],"author":[{"embeddable":true,"href":"https:\/\/www.matkastudio.fi\/mall_of_matkastudio\/wp-json\/wp\/v2\/users\/1"}],"replies":[{"embeddable":true,"href":"https:\/\/www.matkastudio.fi\/mall_of_matkastudio\/wp-json\/wp\/v2\/comments?post=3"}],"version-history":[{"count":4,"href":"https:\/\/www.matkastudio.fi\/mall_of_matkastudio\/wp-json\/wp\/v2\/pages\/3\/revisions"}],"predecessor-version":[{"id":60,"href":"https:\/\/www.matkastudio.fi\/mall_of_matkastudio\/wp-json\/wp\/v2\/pages\/3\/revisions\/60"}],"wp:attachment":[{"href":"https:\/\/www.matkastudio.fi\/mall_of_matkastudio\/wp-json\/wp\/v2\/media?parent=3"}],"curies":[{"name":"wp","href":"https:\/\/api.w.org\/{rel}","templated":true}]}}