{"id":11,"date":"2020-03-17T13:27:38","date_gmt":"2020-03-17T13:27:38","guid":{"rendered":"http:\/\/www.matkastudio.fi\/mall_of_matkastudio\/?post_type=product&#038;p=11"},"modified":"2021-01-18T20:11:25","modified_gmt":"2021-01-18T20:11:25","slug":"db-technologies-opera-sub12","status":"publish","type":"product","link":"https:\/\/www.matkastudio.fi\/mall_of_matkastudio\/tuote\/db-technologies-opera-sub12\/","title":{"rendered":"dB Technologies OPERA SUB12"},"content":{"rendered":"<p>12&#8243; kompakti aktiivisubbari<\/p>\n<p>Teknist\u00e4 tietoa:<\/p>\n<p>Speaker Type: Active Bandpass Subwoofer<br \/>\nFrequency Response [- 10dB]: 40 &#8211; 150 Hz<br \/>\nDirectivity: Omnidirectional<br \/>\nLF: 12&#8243;<br \/>\nAmplifier Technology: MT-Amp<br \/>\nLF Amp: 400 W<br \/>\nCooling: Fan, Temperature Controlled<br \/>\nController: Analogue<br \/>\nPhase 0, 180\u00b0<br \/>\nLimiter: Dynamic Soft Clip<br \/>\nCrossover Frequency LF-MF: 100 Hz<br \/>\nSlope LF-MF: 24 dB\/Octave<br \/>\nSignal Input: 2 x XLR Combo Socket<br \/>\nSignal Output: 2 x XLR Link Out, 2 x XLR X-Over Out<br \/>\nPower Socket: VDE in<\/p>\n<p>Specifications:<\/p>\n<p>Housing: Multiplex plywood<br \/>\nHousing Design: Square<br \/>\nColor: Black<br \/>\nSurface Texture: Textured acrylic lacquer<br \/>\nCastors: No<br \/>\nHandles: 1 x on side<br \/>\nPole Mount: 1 x 36mm on top<br \/>\nFront Grille: Wooden<br \/>\nRigging Points: No<br \/>\nFlytracks: No<br \/>\nWidth: 360 mm (14.4 in)<br \/>\nHeight: 520 mm (20.8 in)<br \/>\nDepth: 500 mm (20 in)<br \/>\nWeight: 26 kg (57.32 lbs)<\/p>\n","protected":false},"excerpt":{"rendered":"<p>V\u00e4h\u00e4n k\u00e4ytetty 12&#8243; kompakti aktiivisubbari<\/p>\n","protected":false},"featured_media":166,"template":"","meta":{"zakra_page_container_layout":"customizer","zakra_page_sidebar_layout":"customizer","zakra_remove_content_margin":false,"zakra_sidebar":"customizer","zakra_transparent_header":"customizer","zakra_logo":0,"zakra_main_header_style":"default","zakra_menu_item_color":"","zakra_menu_item_hover_color":"","zakra_menu_item_active_color":"","zakra_menu_active_style":"","zakra_page_header":true},"product_brand":[],"product_cat":[17,16],"product_tag":[],"class_list":{"0":"post-11","1":"product","2":"type-product","3":"status-publish","4":"has-post-thumbnail","6":"product_cat-kaiuttimet","7":"product_cat-kaytetyt-laitteet","9":"first","10":"instock","11":"taxable","12":"shipping-taxable","13":"purchasable","14":"product-type-simple"},"_links":{"self":[{"href":"https:\/\/www.matkastudio.fi\/mall_of_matkastudio\/wp-json\/wp\/v2\/product\/11","targetHints":{"allow":["GET"]}}],"collection":[{"href":"https:\/\/www.matkastudio.fi\/mall_of_matkastudio\/wp-json\/wp\/v2\/product"}],"about":[{"href":"https:\/\/www.matkastudio.fi\/mall_of_matkastudio\/wp-json\/wp\/v2\/types\/product"}],"wp:featuredmedia":[{"embeddable":true,"href":"https:\/\/www.matkastudio.fi\/mall_of_matkastudio\/wp-json\/wp\/v2\/media\/166"}],"wp:attachment":[{"href":"https:\/\/www.matkastudio.fi\/mall_of_matkastudio\/wp-json\/wp\/v2\/media?parent=11"}],"wp:term":[{"taxonomy":"product_brand","embeddable":true,"href":"https:\/\/www.matkastudio.fi\/mall_of_matkastudio\/wp-json\/wp\/v2\/product_brand?post=11"},{"taxonomy":"product_cat","embeddable":true,"href":"https:\/\/www.matkastudio.fi\/mall_of_matkastudio\/wp-json\/wp\/v2\/product_cat?post=11"},{"taxonomy":"product_tag","embeddable":true,"href":"https:\/\/www.matkastudio.fi\/mall_of_matkastudio\/wp-json\/wp\/v2\/product_tag?post=11"}],"curies":[{"name":"wp","href":"https:\/\/api.w.org\/{rel}","templated":true}]}}