{"id":234,"date":"2021-01-20T11:32:49","date_gmt":"2021-01-20T11:32:49","guid":{"rendered":"http:\/\/www.matkastudio.fi\/mall_of_matkastudio\/?post_type=product&#038;p=234"},"modified":"2021-01-20T11:39:55","modified_gmt":"2021-01-20T11:39:55","slug":"juurakko-oi-maalina","status":"publish","type":"product","link":"https:\/\/www.matkastudio.fi\/mall_of_matkastudio\/tuote\/juurakko-oi-maalina\/","title":{"rendered":"Juurakko: Oi, Maalina"},"content":{"rendered":"<p>2017 julkaistulla Oi, Maalina -albumillaan Juurakko tarjoaa entist\u00e4 rouheampaa Juurakko-bluesia. Musiikki vie ajoittain syv\u00e4lle r\u00e4meelle ja toisinaan tanssittaa kepe\u00e4sti laivan kannella. Yhtye ylitt\u00e4\u00e4 musiikin tyylirajat riemukkaasti eik\u00e4 kaihda eriskummallisiakaan tarinoita. Juurakko on juurilla ja mullassa kyyn\u00e4rp\u00e4it\u00e4 my\u00f6ten.<\/p>\n<p>Laura Kaartinen &#8211; laulu, matkaharmoni, ly\u00f6m\u00e4soittimet<br \/>\nEija Kankaanranta &#8211; kanteleet<br \/>\nKaisa Saarikorpi &#8211; laulu, sikarilaatikkosoittimet, kitarat, ly\u00f6m\u00e4soittimet<br \/>\nMinsku Tammela &#8211; laulu, jouhikko, kampa, munniharppu, ly\u00f6m\u00e4soittimet<br \/>\nAnna Wiksten &#8211; laulu, plankku, ly\u00f6m\u00e4soittimet<\/p>\n<p><em>Pala sielua \/ Uolevi kuolevi \/ Korte-Heikin lupaus \/ Ennuskauppias V. K\u00e4ki \/ Neiti se istuu kammiossa \/ Tanssi, tanssi \/ Lauluneuvoja kanttori Kukkaselta \/ Kell\u00b4 onni on \/ Otteita per\u00e4mies Karlssonin el\u00e4m\u00e4st\u00e4 \/ Oi, Maalina<\/em><\/p>\n<p>Julkaisija: IMU &#8211; Inkoon Musiikki (2017)<\/p>\n","protected":false},"excerpt":{"rendered":"<p>Juurakko: Oi, Maalina<\/p>\n<p>Koodi: IMU-CD 171<br \/>\nJulkaisuvuosi: 2017<br \/>\nTuotteen tyyppi: CD<\/p>\n","protected":false},"featured_media":230,"template":"","meta":{"zakra_page_container_layout":"customizer","zakra_page_sidebar_layout":"customizer","zakra_remove_content_margin":false,"zakra_sidebar":"customizer","zakra_transparent_header":"customizer","zakra_logo":0,"zakra_main_header_style":"default","zakra_menu_item_color":"","zakra_menu_item_hover_color":"","zakra_menu_item_active_color":"","zakra_menu_active_style":"","zakra_page_header":true},"product_brand":[],"product_cat":[31],"product_tag":[],"class_list":{"0":"post-234","1":"product","2":"type-product","3":"status-publish","4":"has-post-thumbnail","6":"product_cat-levykauppa","8":"first","9":"instock","10":"taxable","11":"shipping-taxable","12":"purchasable","13":"product-type-simple"},"_links":{"self":[{"href":"https:\/\/www.matkastudio.fi\/mall_of_matkastudio\/wp-json\/wp\/v2\/product\/234","targetHints":{"allow":["GET"]}}],"collection":[{"href":"https:\/\/www.matkastudio.fi\/mall_of_matkastudio\/wp-json\/wp\/v2\/product"}],"about":[{"href":"https:\/\/www.matkastudio.fi\/mall_of_matkastudio\/wp-json\/wp\/v2\/types\/product"}],"wp:featuredmedia":[{"embeddable":true,"href":"https:\/\/www.matkastudio.fi\/mall_of_matkastudio\/wp-json\/wp\/v2\/media\/230"}],"wp:attachment":[{"href":"https:\/\/www.matkastudio.fi\/mall_of_matkastudio\/wp-json\/wp\/v2\/media?parent=234"}],"wp:term":[{"taxonomy":"product_brand","embeddable":true,"href":"https:\/\/www.matkastudio.fi\/mall_of_matkastudio\/wp-json\/wp\/v2\/product_brand?post=234"},{"taxonomy":"product_cat","embeddable":true,"href":"https:\/\/www.matkastudio.fi\/mall_of_matkastudio\/wp-json\/wp\/v2\/product_cat?post=234"},{"taxonomy":"product_tag","embeddable":true,"href":"https:\/\/www.matkastudio.fi\/mall_of_matkastudio\/wp-json\/wp\/v2\/product_tag?post=234"}],"curies":[{"name":"wp","href":"https:\/\/api.w.org\/{rel}","templated":true}]}}