{"id":461,"date":"2021-12-03T19:54:50","date_gmt":"2021-12-03T17:54:50","guid":{"rendered":"https:\/\/www.matkastudio.fi\/mall_of_matkastudio\/?post_type=product&#038;p=461"},"modified":"2025-02-25T19:47:29","modified_gmt":"2025-02-25T17:47:29","slug":"enkel-vol-1-nuottikirja-super-sheet-music","status":"publish","type":"product","link":"https:\/\/www.matkastudio.fi\/mall_of_matkastudio\/tuote\/enkel-vol-1-nuottikirja-super-sheet-music\/","title":{"rendered":"ENKEL VOL 1. \u2013 Nuottikirja \/ Super Sheet Music"},"content":{"rendered":"<p><span style=\"font-weight: 400;\">__________________<\/span><\/p>\n<p><span style=\"font-weight: 400;\"><br \/>\n<\/span><span style=\"font-weight: 400;\">ENKEL VOL 1. \u2013nuottikirja sis\u00e4lt\u00e4\u00e4 kappaleet albumeilta <\/span><i><span style=\"font-weight: 400;\">Pappilan h\u00e4\u00e4y\u00f6<\/span><\/i><span style=\"font-weight: 400;\"> (2016) ja <\/span><i><span style=\"font-weight: 400;\">We are ENKEL<\/span><\/i><span style=\"font-weight: 400;\"> (2018). <\/span><span style=\"font-weight: 400;\"><br \/>\n<\/span> <span style=\"font-weight: 400;\"><br \/>\n<\/span><span style=\"font-weight: 400;\">Nuottikirja sopii monentasoisille soittajille ja rohkaisee omiin luoviin ratkaisuihin. Jokainen meist\u00e4 on oman el\u00e4m\u00e4ns\u00e4 superpelimanni!<\/span><\/p>\n<p><span style=\"font-weight: 400;\">Nuoteissa on kappaleiden peruselementit: melodiat, soinnut ja mahdolliset sanat. Mukaan on mausteeksi poimittu eri soitinten soittolinjoja. Osassa nuotinnoksista on pyritty s\u00e4ilytt\u00e4m\u00e4\u00e4n yhtyeen soittimille diatonisille haitareille, 15-kieliselle kanteleelle sek\u00e4 alttoviululle tyypillisi\u00e4 piirteit\u00e4. Perinteisten s\u00e4velmien nuotinnokset ovat tulkintoja perinnel\u00e4hteist\u00e4. <\/span><span style=\"font-weight: 400;\"><br \/>\n<\/span><span style=\"font-weight: 400;\"><br \/>\n<\/span><span style=\"font-weight: 400;\">Kansitaide, sarjakuvasis\u00e4ll\u00f6t ja otsikot: Joonas Rinta-Kanto<\/span><span style=\"font-weight: 400;\"><br \/>\n<\/span><span style=\"font-weight: 400;\">Taitto: Eeva-Lotta Paavola<\/span><span style=\"font-weight: 400;\"><br \/>\n<\/span><span style=\"font-weight: 400;\">Nuotit: ENKEL<\/span><span style=\"font-weight: 400;\"><br \/>\n<\/span><span style=\"font-weight: 400;\"><br \/>\n<\/span><span style=\"font-weight: 400;\">______<\/span><span style=\"font-weight: 400;\"><br \/>\n<\/span><span style=\"font-weight: 400;\"><br \/>\n<\/span><span style=\"font-weight: 400;\">ENKEL VOL 1. \u2013 Super Sheet Music includes <\/span><span style=\"font-weight: 400;\">all the tracks featured on the albums <\/span><i><span style=\"font-weight: 400;\">Pappilan h\u00e4\u00e4y\u00f6<\/span><\/i><span style=\"font-weight: 400;\"> (Wedding Night at the Vicarage, 2016) and <\/span><i><span style=\"font-weight: 400;\">We Are ENKEL<\/span><\/i><span style=\"font-weight: 400;\"> (2018).<\/span><span style=\"font-weight: 400;\"><br \/>\n<\/span><span style=\"font-weight: 400;\"><br \/>\n<\/span><span style=\"font-weight: 400;\">The book is suitable for players of all levels and encourages creative solutions. Each of us is a super-player of our own life!<\/span><span style=\"font-weight: 400;\"><br \/>\n<\/span><span style=\"font-weight: 400;\"><br \/>\n<\/span><span style=\"font-weight: 400;\">The scores include the basic elements for each tune: melody, chord options and lyrics. To add some spice we have also written down some of our arrangement elements. In some tunes we want to express the characteristics of our instruments: 15-string kantele, diatonic accordion and viola. For chords we use H instead of B according to the Finnish standard. Transcriptions of the traditional pieces are our interpretations. <\/span><span style=\"font-weight: 400;\"><br \/>\n<\/span><span style=\"font-weight: 400;\"><br \/>\n<\/span><span style=\"font-weight: 400;\">Cover art, comic strips and headlines by Joonas Rinta-Kanto<\/span><span style=\"font-weight: 400;\"><br \/>\n<\/span><span style=\"font-weight: 400;\">Layout by Eeva-Lotta Paavola<\/span><span style=\"font-weight: 400;\"><br \/>\n<\/span><span style=\"font-weight: 400;\">Sheet music by ENKEL<\/span><\/p>\n<p>&nbsp;<\/p>\n","protected":false},"excerpt":{"rendered":"<p><span style=\"font-weight: 400;\">ENKEL VOL 1. \u2013 Nuottikirja \/ Super Sheet Music<\/span><span style=\"font-weight: 400;\"><br \/>\n<\/span><\/p>\n<p><span style=\"font-weight: 400;\">25\u20ac plus postikulut (A4-kuori)<\/span><span style=\"font-weight: 400;\"><br \/>\n<\/span><\/p>\n<p><span style=\"font-weight: 400;\">Julkaisuvuosi 2021<\/span><\/p>\n<p><span style=\"font-weight: 400;\">Tuotteen tyyppi: vihko<\/span><\/p>\n","protected":false},"featured_media":466,"template":"","meta":{"zakra_page_container_layout":"customizer","zakra_page_sidebar_layout":"customizer","zakra_remove_content_margin":false,"zakra_sidebar":"customizer","zakra_transparent_header":"customizer","zakra_logo":0,"zakra_main_header_style":"default","zakra_menu_item_color":"","zakra_menu_item_hover_color":"","zakra_menu_item_active_color":"","zakra_menu_active_style":"","zakra_page_header":true},"product_brand":[],"product_cat":[30,32],"product_tag":[],"class_list":{"0":"post-461","1":"product","2":"type-product","3":"status-publish","4":"has-post-thumbnail","6":"product_cat-levyt-ja-oheistuotteet","7":"product_cat-nuotit","9":"first","10":"instock","11":"taxable","12":"shipping-taxable","13":"purchasable","14":"product-type-simple"},"_links":{"self":[{"href":"https:\/\/www.matkastudio.fi\/mall_of_matkastudio\/wp-json\/wp\/v2\/product\/461","targetHints":{"allow":["GET"]}}],"collection":[{"href":"https:\/\/www.matkastudio.fi\/mall_of_matkastudio\/wp-json\/wp\/v2\/product"}],"about":[{"href":"https:\/\/www.matkastudio.fi\/mall_of_matkastudio\/wp-json\/wp\/v2\/types\/product"}],"wp:featuredmedia":[{"embeddable":true,"href":"https:\/\/www.matkastudio.fi\/mall_of_matkastudio\/wp-json\/wp\/v2\/media\/466"}],"wp:attachment":[{"href":"https:\/\/www.matkastudio.fi\/mall_of_matkastudio\/wp-json\/wp\/v2\/media?parent=461"}],"wp:term":[{"taxonomy":"product_brand","embeddable":true,"href":"https:\/\/www.matkastudio.fi\/mall_of_matkastudio\/wp-json\/wp\/v2\/product_brand?post=461"},{"taxonomy":"product_cat","embeddable":true,"href":"https:\/\/www.matkastudio.fi\/mall_of_matkastudio\/wp-json\/wp\/v2\/product_cat?post=461"},{"taxonomy":"product_tag","embeddable":true,"href":"https:\/\/www.matkastudio.fi\/mall_of_matkastudio\/wp-json\/wp\/v2\/product_tag?post=461"}],"curies":[{"name":"wp","href":"https:\/\/api.w.org\/{rel}","templated":true}]}}