{"id":510,"date":"2022-10-07T23:41:04","date_gmt":"2022-10-07T20:41:04","guid":{"rendered":"https:\/\/www.matkastudio.fi\/mall_of_matkastudio\/?post_type=product&#038;p=510"},"modified":"2025-07-07T11:25:59","modified_gmt":"2025-07-07T08:25:59","slug":"enkel-pappilan-haayo","status":"publish","type":"product","link":"https:\/\/www.matkastudio.fi\/mall_of_matkastudio\/tuote\/enkel-pappilan-haayo\/","title":{"rendered":"ENKEL: Pappilan h\u00e4\u00e4y\u00f6"},"content":{"rendered":"<p>1. T\u00e4n\u00e4\u00e4nk\u00e4\u00e4n ei satanut \/ Another Day Without Rain<br \/>\n2. Syd\u00e4nyst\u00e4v\u00e4 \/ Soulmate<br \/>\n3. Pappilan h\u00e4\u00e4y\u00f6 \/ Wedding Night at the Vicarage<br \/>\n4. Taas saatavilla \/ Relationships From Hell<br \/>\n5. Merenneito \/ Mermaid<br \/>\n6. Heilani \/ My Beloved<br \/>\n7. T\u00f6mpsyt \/ Cheers!<br \/>\n8. Taho<br \/>\n9. Et\u00e4isyys \/ Distance<\/p>\n<p>Julkaisija: Kansanmusiikki-instituutti 2016<\/p>\n","protected":false},"excerpt":{"rendered":"<p>ENKEL : Pappilan h\u00e4\u00e4y\u00f6<\/p>\n<p>Koodi: KICD 126<br \/>\nJulkaisuvuosi: 2016<br \/>\nTuotteen tyyppi: CD<\/p>\n<p>Julkaisija: Kansanmusiikki-instituutti 2016<\/p>\n","protected":false},"featured_media":512,"template":"","meta":{"zakra_page_container_layout":"customizer","zakra_page_sidebar_layout":"customizer","zakra_remove_content_margin":false,"zakra_sidebar":"customizer","zakra_transparent_header":"customizer","zakra_logo":0,"zakra_main_header_style":"default","zakra_menu_item_color":"","zakra_menu_item_hover_color":"","zakra_menu_item_active_color":"","zakra_menu_active_style":"","zakra_page_header":true},"product_brand":[],"product_cat":[31],"product_tag":[],"class_list":{"0":"post-510","1":"product","2":"type-product","3":"status-publish","4":"has-post-thumbnail","6":"product_cat-levykauppa","8":"first","9":"outofstock","10":"taxable","11":"shipping-taxable","12":"purchasable","13":"product-type-simple"},"_links":{"self":[{"href":"https:\/\/www.matkastudio.fi\/mall_of_matkastudio\/wp-json\/wp\/v2\/product\/510","targetHints":{"allow":["GET"]}}],"collection":[{"href":"https:\/\/www.matkastudio.fi\/mall_of_matkastudio\/wp-json\/wp\/v2\/product"}],"about":[{"href":"https:\/\/www.matkastudio.fi\/mall_of_matkastudio\/wp-json\/wp\/v2\/types\/product"}],"wp:featuredmedia":[{"embeddable":true,"href":"https:\/\/www.matkastudio.fi\/mall_of_matkastudio\/wp-json\/wp\/v2\/media\/512"}],"wp:attachment":[{"href":"https:\/\/www.matkastudio.fi\/mall_of_matkastudio\/wp-json\/wp\/v2\/media?parent=510"}],"wp:term":[{"taxonomy":"product_brand","embeddable":true,"href":"https:\/\/www.matkastudio.fi\/mall_of_matkastudio\/wp-json\/wp\/v2\/product_brand?post=510"},{"taxonomy":"product_cat","embeddable":true,"href":"https:\/\/www.matkastudio.fi\/mall_of_matkastudio\/wp-json\/wp\/v2\/product_cat?post=510"},{"taxonomy":"product_tag","embeddable":true,"href":"https:\/\/www.matkastudio.fi\/mall_of_matkastudio\/wp-json\/wp\/v2\/product_tag?post=510"}],"curies":[{"name":"wp","href":"https:\/\/api.w.org\/{rel}","templated":true}]}}