{"id":630,"date":"2022-11-09T21:20:20","date_gmt":"2022-11-09T19:20:20","guid":{"rendered":"https:\/\/www.matkastudio.fi\/mall_of_matkastudio\/?post_type=product&#038;p=630"},"modified":"2022-11-09T21:27:24","modified_gmt":"2022-11-09T19:27:24","slug":"maija-kauhanen-menneet-the-past-lp","status":"publish","type":"product","link":"https:\/\/www.matkastudio.fi\/mall_of_matkastudio\/tuote\/maija-kauhanen-menneet-the-past-lp\/","title":{"rendered":"Maija Kauhanen: Menneet &#8211; The Past LP"},"content":{"rendered":"<p>A<br \/>\n1. Portilla &#8211; At the Gate (06:01)<br \/>\n2. K\u00e4\u00e4rme &#8211; Snake (03:51)<br \/>\n3. Vaikka maailmaasi en mahtuiskaan &#8211; Even if I can\u2019t fit into your world (05:23)<br \/>\n4. Linnunrata &#8211; The Milky Way (03:37)<\/p>\n<p>B<br \/>\n5. J\u00e4\u00e4 &#8211; Ice (08:07)<br \/>\n6. Mit\u00e4 j\u00e4ljelle j\u00e4\u00e4 &#8211; What will remain (03:53)<br \/>\n7. Menneet &#8211; The Past (04:35)<br \/>\n8. Turvapaikka &#8211; A Safe Place (05:52)<\/p>\n<p>Julkaisija: Nordic Notes 2022<\/p>\n","protected":false},"excerpt":{"rendered":"<p>Maija Kauhanen: Menneet &#8211; The Past<\/p>\n<p>Koodi: LC14502\/NN159LP<br \/>\nJulkaisuvuosi: 2022<br \/>\nTuotteen tyyppi: LP<\/p>\n<p>Julkaisija: Nordic Notes<\/p>\n","protected":false},"featured_media":629,"template":"","meta":{"zakra_page_container_layout":"customizer","zakra_page_sidebar_layout":"customizer","zakra_remove_content_margin":false,"zakra_sidebar":"customizer","zakra_transparent_header":"customizer","zakra_logo":0,"zakra_main_header_style":"default","zakra_menu_item_color":"","zakra_menu_item_hover_color":"","zakra_menu_item_active_color":"","zakra_menu_active_style":"","zakra_page_header":true},"product_brand":[],"product_cat":[31],"product_tag":[],"class_list":{"0":"post-630","1":"product","2":"type-product","3":"status-publish","4":"has-post-thumbnail","6":"product_cat-levykauppa","8":"first","9":"instock","10":"taxable","11":"shipping-taxable","12":"purchasable","13":"product-type-simple"},"_links":{"self":[{"href":"https:\/\/www.matkastudio.fi\/mall_of_matkastudio\/wp-json\/wp\/v2\/product\/630","targetHints":{"allow":["GET"]}}],"collection":[{"href":"https:\/\/www.matkastudio.fi\/mall_of_matkastudio\/wp-json\/wp\/v2\/product"}],"about":[{"href":"https:\/\/www.matkastudio.fi\/mall_of_matkastudio\/wp-json\/wp\/v2\/types\/product"}],"wp:featuredmedia":[{"embeddable":true,"href":"https:\/\/www.matkastudio.fi\/mall_of_matkastudio\/wp-json\/wp\/v2\/media\/629"}],"wp:attachment":[{"href":"https:\/\/www.matkastudio.fi\/mall_of_matkastudio\/wp-json\/wp\/v2\/media?parent=630"}],"wp:term":[{"taxonomy":"product_brand","embeddable":true,"href":"https:\/\/www.matkastudio.fi\/mall_of_matkastudio\/wp-json\/wp\/v2\/product_brand?post=630"},{"taxonomy":"product_cat","embeddable":true,"href":"https:\/\/www.matkastudio.fi\/mall_of_matkastudio\/wp-json\/wp\/v2\/product_cat?post=630"},{"taxonomy":"product_tag","embeddable":true,"href":"https:\/\/www.matkastudio.fi\/mall_of_matkastudio\/wp-json\/wp\/v2\/product_tag?post=630"}],"curies":[{"name":"wp","href":"https:\/\/api.w.org\/{rel}","templated":true}]}}