{"id":673,"date":"2023-10-03T15:34:16","date_gmt":"2023-10-03T12:34:16","guid":{"rendered":"https:\/\/www.matkastudio.fi\/mall_of_matkastudio\/?post_type=product&#038;p=673"},"modified":"2024-05-27T01:04:12","modified_gmt":"2024-05-26T22:04:12","slug":"minsku-tammela-valkoinen-hevonen","status":"publish","type":"product","link":"https:\/\/www.matkastudio.fi\/mall_of_matkastudio\/tuote\/minsku-tammela-valkoinen-hevonen\/","title":{"rendered":"Minsku Tammela: Valkoinen hevonen"},"content":{"rendered":"<p>Laulaja-lauluntekij\u00e4 Minsku Tammelan pitk\u00e4\u00e4n odotettu esikoissooloalbumi Valkoinen hevonen julkaistaan 13.10.2023 digitaalisilla alustoilla ja CD-muodossa. Levyn vahvoja teemoja ovat luontosuhde, naistekij\u00f6iden ty\u00f6 sek\u00e4 Tammelan sukulaisten myyttiset tarinat pohjoisesta Kelontekem\u00e4n kyl\u00e4st\u00e4.<\/p>\n<p>Minsku Tammelan s\u00e4vellykset ja tarinat ammentavat pohjoismaisen kansanmusiikin, laulelman ja bluesin maailmoista. Yhdeks\u00e4n uutta kappaletta sis\u00e4lt\u00e4v\u00e4ll\u00e4 Valkoinen hevonen -albumilla tullaan kuulemaan ennakkoluulotonta, raikasta ja genrerajatonta musiikkia. H\u00e4n on inspiroitunut Kittil\u00e4n Kelontekem\u00e4n kyl\u00e4n myyttisist\u00e4 tarinoista, arkistoihin tallennetuista aarteista ja luonnon\u00e4\u00e4nten polyfoniasta. Laulettujen tarinoiden, sanattoman laulun ja runsaiden \u00e4\u00e4nimaisemien lis\u00e4ksi jouhikko, piano, kantele, saksofoni ja perkussiot julistavat yhdess\u00e4 kahlitsevista rooleista vapautumista. Valkoinen hevonen -albumi on tutkielma luonnon ja ihmisen v\u00e4lisest\u00e4 suhteesta. Lis\u00e4ksi Tammela tuo albumikokonaisuudella esiin suomalaisen tiedenaisen ja merkitt\u00e4v\u00e4n kansanperinteen ker\u00e4\u00e4j\u00e4n Jenny Paulaharjun (1878\u20131964) uraauurtavaa ty\u00f6t\u00e4 sek\u00e4 sukunsa, muun muassa isomummonsa Elisabeth Tammelan, kertomia tarinoita.<\/p>\n<p>Juurakko-yhtyeest\u00e4 tuttua Tammelaa kuvaillaan sielukkaaksi tarinankertojaksi, jonka \u00e4\u00e4ness\u00e4 soi blues ja kansanlaulujen kaiho rinta rinnan. H\u00e4n on kekseli\u00e4s soundien etsij\u00e4 ja jouhikonsoittaja, Carole King:i\u00e4 ihaileva poppianisti, stemmalaulun suuri yst\u00e4v\u00e4, s\u00e4velt\u00e4j\u00e4 ja sanoittaja.<\/p>\n<p>Valkoinen hevonen<\/p>\n<p>1. Likka istu kivell\u00e4\t4\u00b444<br \/>\n2. Pieni joki\t\t4\u00b418<br \/>\n3. Valkoinen hevonen\t3\u00b455<br \/>\n4. Kurjet tulee\t\t4\u00b429<br \/>\n5. V\u00e4sym\u00e4t\u00f6n\t\t3\u00b445<br \/>\n6. Piru merrassa\t3\u00b442<br \/>\n7. Vanha mets\u00e4\t\t5\u00b432<br \/>\n8. P\u00e4\u00e4skyt              5\u00b409<br \/>\n9. Paarmojen tanssi\t5\u00b408<\/p>\n<p>Minsku Tammela: S\u00e4vellykset, sanoitukset, tuotanto, laulu, piano, jouhikko, munniharppu, perkussiot<\/p>\n<p>Emma Raunio: Soundscape-tuotanto ja sovitus kappaleisiin 2, 5, 7<br \/>\nMaija Kauhanen: Saarij\u00e4rven kantele, kantelebassot, perkussiot ja taustalaulu kappaleisiin 1, 3, 4, 5, 6, 8<br \/>\nKaisa Saarikorpi: Taustalaulu kappaleisiin 1, 3, 4, 5<br \/>\nJoakim Bergh\u00e4ll: Baritonisaksofoni, perkussiot kappaleisiin 3, 9 <\/p>\n<p>\u00c4\u00e4nitys ja miksaus:  Oona Kapari \/ Kuohu Records<br \/>\nMasterointi:  Jarno Alho \/ Alho Audio Mastering<br \/>\nUlkoasu: Mira Piitulainen \/ Ridibundus<br \/>\nWet-plate valokuvat: Marko Rantanen \/ Ateljee Marko Rantanen<br \/>\nKannen maalaus: Maurits Ylitalo (Frihetens vind)<\/p>\n","protected":false},"excerpt":{"rendered":"<p>Minsku Tammela: Valkoinen hevonen<\/p>\n<p>Koodi: Kuohu027<br \/>\nJulkaisuvuosi: 2023<br \/>\nTuotteen tyyppi: CD<\/p>\n<p>Julkaisija: Kuohu Records<\/p>\n","protected":false},"featured_media":666,"template":"","meta":{"zakra_page_container_layout":"customizer","zakra_page_sidebar_layout":"customizer","zakra_remove_content_margin":false,"zakra_sidebar":"customizer","zakra_transparent_header":"customizer","zakra_logo":0,"zakra_main_header_style":"default","zakra_menu_item_color":"","zakra_menu_item_hover_color":"","zakra_menu_item_active_color":"","zakra_menu_active_style":"","zakra_page_header":true},"product_brand":[],"product_cat":[31],"product_tag":[],"class_list":{"0":"post-673","1":"product","2":"type-product","3":"status-publish","4":"has-post-thumbnail","6":"product_cat-levykauppa","8":"first","9":"instock","10":"taxable","11":"shipping-taxable","12":"purchasable","13":"product-type-simple"},"_links":{"self":[{"href":"https:\/\/www.matkastudio.fi\/mall_of_matkastudio\/wp-json\/wp\/v2\/product\/673","targetHints":{"allow":["GET"]}}],"collection":[{"href":"https:\/\/www.matkastudio.fi\/mall_of_matkastudio\/wp-json\/wp\/v2\/product"}],"about":[{"href":"https:\/\/www.matkastudio.fi\/mall_of_matkastudio\/wp-json\/wp\/v2\/types\/product"}],"wp:featuredmedia":[{"embeddable":true,"href":"https:\/\/www.matkastudio.fi\/mall_of_matkastudio\/wp-json\/wp\/v2\/media\/666"}],"wp:attachment":[{"href":"https:\/\/www.matkastudio.fi\/mall_of_matkastudio\/wp-json\/wp\/v2\/media?parent=673"}],"wp:term":[{"taxonomy":"product_brand","embeddable":true,"href":"https:\/\/www.matkastudio.fi\/mall_of_matkastudio\/wp-json\/wp\/v2\/product_brand?post=673"},{"taxonomy":"product_cat","embeddable":true,"href":"https:\/\/www.matkastudio.fi\/mall_of_matkastudio\/wp-json\/wp\/v2\/product_cat?post=673"},{"taxonomy":"product_tag","embeddable":true,"href":"https:\/\/www.matkastudio.fi\/mall_of_matkastudio\/wp-json\/wp\/v2\/product_tag?post=673"}],"curies":[{"name":"wp","href":"https:\/\/api.w.org\/{rel}","templated":true}]}}