{"id":75,"date":"2021-01-12T09:05:48","date_gmt":"2021-01-12T07:05:48","guid":{"rendered":"http:\/\/www.matkastudio.fi\/mall_of_matkastudio\/?post_type=product&#038;p=75"},"modified":"2025-10-01T11:05:15","modified_gmt":"2025-10-01T08:05:15","slug":"universal-audio-apollo-8p","status":"publish","type":"product","link":"https:\/\/www.matkastudio.fi\/mall_of_matkastudio\/tuote\/universal-audio-apollo-8p\/","title":{"rendered":"Universal Audio Apollo 8p"},"content":{"rendered":"<p>UA Apollo 8p interface<\/p>\n<ul>\n<li>8 Unison-yhteensopivaa mikrofonietuastetta<\/li>\n<li>Sis\u00e4\u00e4nrakennettu UAD-2 neliydinprosessori<\/li>\n<li>24-bit\/192 kHz A\/D- ja D\/A-konversio<\/li>\n<li>Mahdollisuus kytke\u00e4 sarjaan nelj\u00e4 Apollo-etuastetta ja kuusi UAD-laitetta Thunderboltin v\u00e4lityksell\u00e4<\/li>\n<li>Analogisis\u00e4\u00e4ntulot: 8 x Mikrofoni-\/linjasis\u00e4\u00e4ntuloa (XLR\/6,3mm), 2 x DI<\/li>\n<li>Analogiulostulo: 6 x balansoitu linjaulostulo, 2 x monitor-ulostulo, 2 x kuulokeulostulo<\/li>\n<li>Digitaalisis\u00e4\u00e4ntulot ja -ulostulot: 2 x ADAT I\/O, S\/PDIF, Wordclock<\/li>\n<\/ul>\n<p>Laite hankittu uutena 2017-2018 vaihteessa.<\/p>\n","protected":false},"excerpt":{"rendered":"<p>UA Apollo 8p interface 8 Unison-yhteensopivaa mikrofonietuastetta Sis\u00e4\u00e4nrakennettu UAD-2 neliydinprosessori 24-bit\/192 kHz A\/D- ja D\/A-konversio Mahdollisuus kytke\u00e4 sarjaan nelj\u00e4 Apollo-etuastetta ja kuusi UAD-laitetta Thunderboltin v\u00e4lityksell\u00e4 Analogisis\u00e4\u00e4ntulot: 8 x Mikrofoni-\/linjasis\u00e4\u00e4ntuloa (XLR\/6,3mm), 2 x DI Analogiulostulo: 6 x balansoitu linjaulostulo, 2 x monitor-ulostulo, 2 x kuulokeulostulo Digitaalisis\u00e4\u00e4ntulot ja -ulostulot: 2 x ADAT I\/O, S\/PDIF, Wordclock Laite hankittu [&hellip;]<\/p>\n","protected":false},"featured_media":901,"template":"","meta":{"zakra_page_container_layout":"customizer","zakra_page_sidebar_layout":"customizer","zakra_remove_content_margin":false,"zakra_sidebar":"customizer","zakra_transparent_header":"customizer","zakra_logo":0,"zakra_main_header_style":"default","zakra_menu_item_color":"","zakra_menu_item_hover_color":"","zakra_menu_item_active_color":"","zakra_menu_active_style":"","zakra_page_header":true},"product_brand":[],"product_cat":[16,18,20],"product_tag":[],"class_list":{"0":"post-75","1":"product","2":"type-product","3":"status-publish","4":"has-post-thumbnail","6":"product_cat-kaytetyt-laitteet","7":"product_cat-laitevuokraamo","8":"product_cat-studiolaitteet","10":"first","11":"instock","12":"taxable","13":"shipping-taxable","14":"purchasable","15":"product-type-simple"},"_links":{"self":[{"href":"https:\/\/www.matkastudio.fi\/mall_of_matkastudio\/wp-json\/wp\/v2\/product\/75","targetHints":{"allow":["GET"]}}],"collection":[{"href":"https:\/\/www.matkastudio.fi\/mall_of_matkastudio\/wp-json\/wp\/v2\/product"}],"about":[{"href":"https:\/\/www.matkastudio.fi\/mall_of_matkastudio\/wp-json\/wp\/v2\/types\/product"}],"wp:featuredmedia":[{"embeddable":true,"href":"https:\/\/www.matkastudio.fi\/mall_of_matkastudio\/wp-json\/wp\/v2\/media\/901"}],"wp:attachment":[{"href":"https:\/\/www.matkastudio.fi\/mall_of_matkastudio\/wp-json\/wp\/v2\/media?parent=75"}],"wp:term":[{"taxonomy":"product_brand","embeddable":true,"href":"https:\/\/www.matkastudio.fi\/mall_of_matkastudio\/wp-json\/wp\/v2\/product_brand?post=75"},{"taxonomy":"product_cat","embeddable":true,"href":"https:\/\/www.matkastudio.fi\/mall_of_matkastudio\/wp-json\/wp\/v2\/product_cat?post=75"},{"taxonomy":"product_tag","embeddable":true,"href":"https:\/\/www.matkastudio.fi\/mall_of_matkastudio\/wp-json\/wp\/v2\/product_tag?post=75"}],"curies":[{"name":"wp","href":"https:\/\/api.w.org\/{rel}","templated":true}]}}