{"id":880,"date":"2025-06-09T17:12:20","date_gmt":"2025-06-09T14:12:20","guid":{"rendered":"https:\/\/www.matkastudio.fi\/mall_of_matkastudio\/?post_type=product&#038;p=880"},"modified":"2025-06-09T17:26:27","modified_gmt":"2025-06-09T14:26:27","slug":"sukkalukko-10-10","status":"publish","type":"product","link":"https:\/\/www.matkastudio.fi\/mall_of_matkastudio\/tuote\/sukkalukko-10-10\/","title":{"rendered":"Sukkalukko: 10\/10"},"content":{"rendered":"<p>Sukkalukko on yht\u00e4 kuin Susanna Volanto ja Tomi Rajala, kaksi lastenkulttuurin sekaty\u00f6l\u00e4ist\u00e4. 10\/10 on Sukkalukon esikoisalbumi.<\/p>\n<p>Sukkalukon laulujen sanoituksiin on l\u00f6ytynyt inspiraatio lapsiperheiden p\u00e4ivitt\u00e4isest\u00e4 el\u00e4m\u00e4st\u00e4; pihaleikeist\u00e4, aikaisista her\u00e4tyksist\u00e4, nuhap\u00f6p\u00f6ist\u00e4 ja tietysti my\u00f6s sukista! Vanhemmille kappaleet tarjoavat vertaistukea hektisen perhe-el\u00e4m\u00e4n keskell\u00e4.<\/p>\n<p>Sukkalukot tiukalle &#8211; se on menoa nyt!<\/p>\n<p>1. Sukkalukko<br \/>\n2. 10\/10<br \/>\n3. Aarrearkku<br \/>\n4. Papupata porisee<br \/>\n5. Mummokortti<br \/>\n6. P\u00f6p\u00f6ralli<br \/>\n7. Pienet lapset<br \/>\n8. Hypp\u00e4\u00e4n yli rapakon<br \/>\n9. Rannalle uimaan<br \/>\n10. Pyykkihommat kuuluu kaikille<\/p>\n","protected":false},"excerpt":{"rendered":"<p>Sukkalukko 10\/10 &#8211; CD<\/p>\n<p>Julkaisija: Sukkalukko (SUK001)<\/p>\n<p>Julkaisu 10.6.2025<\/p>\n","protected":false},"featured_media":881,"template":"","meta":{"zakra_page_container_layout":"customizer","zakra_page_sidebar_layout":"customizer","zakra_remove_content_margin":false,"zakra_sidebar":"customizer","zakra_transparent_header":"customizer","zakra_logo":0,"zakra_main_header_style":"default","zakra_menu_item_color":"","zakra_menu_item_hover_color":"","zakra_menu_item_active_color":"","zakra_menu_active_style":"","zakra_page_header":true},"product_brand":[],"product_cat":[31],"product_tag":[],"class_list":{"0":"post-880","1":"product","2":"type-product","3":"status-publish","4":"has-post-thumbnail","6":"product_cat-levykauppa","8":"first","9":"instock","10":"taxable","11":"shipping-taxable","12":"purchasable","13":"product-type-simple"},"_links":{"self":[{"href":"https:\/\/www.matkastudio.fi\/mall_of_matkastudio\/wp-json\/wp\/v2\/product\/880","targetHints":{"allow":["GET"]}}],"collection":[{"href":"https:\/\/www.matkastudio.fi\/mall_of_matkastudio\/wp-json\/wp\/v2\/product"}],"about":[{"href":"https:\/\/www.matkastudio.fi\/mall_of_matkastudio\/wp-json\/wp\/v2\/types\/product"}],"wp:featuredmedia":[{"embeddable":true,"href":"https:\/\/www.matkastudio.fi\/mall_of_matkastudio\/wp-json\/wp\/v2\/media\/881"}],"wp:attachment":[{"href":"https:\/\/www.matkastudio.fi\/mall_of_matkastudio\/wp-json\/wp\/v2\/media?parent=880"}],"wp:term":[{"taxonomy":"product_brand","embeddable":true,"href":"https:\/\/www.matkastudio.fi\/mall_of_matkastudio\/wp-json\/wp\/v2\/product_brand?post=880"},{"taxonomy":"product_cat","embeddable":true,"href":"https:\/\/www.matkastudio.fi\/mall_of_matkastudio\/wp-json\/wp\/v2\/product_cat?post=880"},{"taxonomy":"product_tag","embeddable":true,"href":"https:\/\/www.matkastudio.fi\/mall_of_matkastudio\/wp-json\/wp\/v2\/product_tag?post=880"}],"curies":[{"name":"wp","href":"https:\/\/api.w.org\/{rel}","templated":true}]}}