{"id":913,"date":"2025-12-28T11:39:54","date_gmt":"2025-12-28T09:39:54","guid":{"rendered":"https:\/\/www.matkastudio.fi\/mall_of_matkastudio\/?post_type=product&#038;p=913"},"modified":"2026-01-21T12:21:09","modified_gmt":"2026-01-21T10:21:09","slug":"maria-kalaniemi-pekko-kappi-tareportens-parla-julkaisu-9-1-2026","status":"publish","type":"product","link":"https:\/\/www.matkastudio.fi\/mall_of_matkastudio\/tuote\/maria-kalaniemi-pekko-kappi-tareportens-parla-julkaisu-9-1-2026\/","title":{"rendered":"Maria Kalaniemi &#038; Pekko K\u00e4ppi: T\u00e5reportens P\u00e4rla"},"content":{"rendered":"<p>T\u00e5reportens P\u00e4rla &#8211; Kyynelportin helmi<\/p>\n<p>V\u00e4in\u00e4m\u00f6inen rakentaa hauenluisen kanteleen ja kutsuu kuulolle kaikki, jotka mets\u00e4ss\u00e4 el\u00e4v\u00e4t. H\u00e4nen soittonsa ja laulunsa on niin lumoavaa, ett\u00e4 sek\u00e4 ihmiset ett\u00e4 el\u00e4imet liikuttuvat. Kyynelet putoilevat V\u00e4in\u00e4m\u00f6isen omistakin silmist\u00e4. Ne vier\u00e4ht\u00e4v\u00e4t maahan ja valuvat veteen, jossa ne muuttuvat sinisiksi helmiksi. Yhden soiton taika ja parantava voima. T\u00e4m\u00e4 albumi tehtiin live\u00e4\u00e4nityksen\u00e4 olohuoneessani. Se on hetki el\u00e4m\u00e4st\u00e4 ja yksi versio t\u00e4st\u00e4 Kalevalan tarinasta. Se on el\u00e4v\u00e4\u00e4 perinnett\u00e4. Olen onnellinen, kun sain tehd\u00e4 t\u00e4m\u00e4n musiikillisen matkan yhdess\u00e4 Pekko K\u00e4pin kanssa. T\u00e4m\u00e4 Kalevalan runo k\u00e4y suoraan syd\u00e4meeni kertoen musiikin uskomattomasta voimasta. Laulamme kansalliseepoksemme Kalevalan runon ruotsinnosta, jonka ovat tehneet Lars ja Mats Huld\u00e9n vuonna 1999. Kalevalan tarinat kutsuvat luomaan siltoja kulttuurien ja kielten v\u00e4lille. Ne aukaisevat uusia polkuja kohti tuntematonta!\u201d<\/p>\n<p>&#8211; Maria Kalaniemi<\/p>\n<p>T\u00e5reportens P\u00e4rla, runosinging, Kalevala in Swedish. The co-musician on the album is Pekko K\u00e4ppi. Maria Kalaniemi&#8217;s meditative tunes on accordion and singing, and of Pekko K\u00e4ppi on jouhikko, a Finnish bowed lyre, and singing. Maria Kalaniemi is a musician, pedagogue, composer and accordion artist. She is one of the pioneers of contemporary folk music. Pekko K\u00e4ppi is a jouhikko artist and pedagogue. He also works as a composer, producer and researcher. He is an ethnomusicologist specializing in folk song traditions by training.<\/p>\n<p>1. SANGARSTENEN | ILOKIVI | MIRTHSTONE 04:59<br \/>\n2. GADDANS KLANG | HAUEN KALSKE | PIKES CLANG 02:16<br \/>\n3. JUBEL | RIEMU | JOY 02:02<br \/>\n4. SKOGENS SLAKTE | METSAN VAKI | WOODLAND BEINGS 05:09<br \/>\n5. GRATKVADE | ITKU | LAMENT 03:20<br \/>\n6. TAREPORTEN |KYYNELPOR I WEEPING PORTAL 02:29<br \/>\n7. HYMN 01:57<br \/>\n8. TAREPARLAN | KYYNELHELMI | TEARDROP 01:29<br \/>\n9. KNIPAN | TELKKA | GOLDENEYE 03:33<br \/>\n10. MAANITUS 03:33<br \/>\n11. ARCHAICA 00:57<\/p>\n","protected":false},"excerpt":{"rendered":"<p>Maria Kalaniemi &#038; Pekko K\u00e4ppi: T\u00e5reportens P\u00e4rla<\/p>\n<p>Julkaisija: \u00c5ker\u00f6 (\u00c5KER\u00d6CD29)<\/p>\n<p>Julkaisu 9.1.2026<\/p>\n<p>EAN: 6430017003000<\/p>\n","protected":false},"featured_media":914,"template":"","meta":{"zakra_page_container_layout":"customizer","zakra_page_sidebar_layout":"customizer","zakra_remove_content_margin":false,"zakra_sidebar":"customizer","zakra_transparent_header":"customizer","zakra_logo":0,"zakra_main_header_style":"default","zakra_menu_item_color":"","zakra_menu_item_hover_color":"","zakra_menu_item_active_color":"","zakra_menu_active_style":"","zakra_page_header":true},"product_brand":[],"product_cat":[31],"product_tag":[],"class_list":{"0":"post-913","1":"product","2":"type-product","3":"status-publish","4":"has-post-thumbnail","6":"product_cat-levykauppa","8":"first","9":"instock","10":"taxable","11":"shipping-taxable","12":"purchasable","13":"product-type-simple"},"_links":{"self":[{"href":"https:\/\/www.matkastudio.fi\/mall_of_matkastudio\/wp-json\/wp\/v2\/product\/913","targetHints":{"allow":["GET"]}}],"collection":[{"href":"https:\/\/www.matkastudio.fi\/mall_of_matkastudio\/wp-json\/wp\/v2\/product"}],"about":[{"href":"https:\/\/www.matkastudio.fi\/mall_of_matkastudio\/wp-json\/wp\/v2\/types\/product"}],"wp:featuredmedia":[{"embeddable":true,"href":"https:\/\/www.matkastudio.fi\/mall_of_matkastudio\/wp-json\/wp\/v2\/media\/914"}],"wp:attachment":[{"href":"https:\/\/www.matkastudio.fi\/mall_of_matkastudio\/wp-json\/wp\/v2\/media?parent=913"}],"wp:term":[{"taxonomy":"product_brand","embeddable":true,"href":"https:\/\/www.matkastudio.fi\/mall_of_matkastudio\/wp-json\/wp\/v2\/product_brand?post=913"},{"taxonomy":"product_cat","embeddable":true,"href":"https:\/\/www.matkastudio.fi\/mall_of_matkastudio\/wp-json\/wp\/v2\/product_cat?post=913"},{"taxonomy":"product_tag","embeddable":true,"href":"https:\/\/www.matkastudio.fi\/mall_of_matkastudio\/wp-json\/wp\/v2\/product_tag?post=913"}],"curies":[{"name":"wp","href":"https:\/\/api.w.org\/{rel}","templated":true}]}}