{"id":920,"date":"2026-03-11T15:18:21","date_gmt":"2026-03-11T13:18:21","guid":{"rendered":"https:\/\/www.matkastudio.fi\/mall_of_matkastudio\/?post_type=product&#038;p=920"},"modified":"2026-03-14T19:48:54","modified_gmt":"2026-03-14T17:48:54","slug":"antti-paalanen-huppari","status":"publish","type":"product","link":"https:\/\/www.matkastudio.fi\/mall_of_matkastudio\/tuote\/antti-paalanen-huppari\/","title":{"rendered":"Antti Paalanen &#8211; HUPPARI"},"content":{"rendered":"<p>Antti Paalanen Huppari<\/p>\n<p> &#8211; 65 % puuvilla \/ 35 % polyesteri<br \/>\n &#8211; Koot 12\/14, S-3XL<br \/>\n &#8211; Musta<\/p>\n<p>Paidan keltainen painatus on samaa s\u00e4vy\u00e4 kuin julisteen keltainen hanuri &#8211; tuotekuvassa s\u00e4vy on todellista vaaleampi.<\/p>\n","protected":false},"excerpt":{"rendered":"<p>Antti Paalanen Huppari &#8211; 65 % puuvilla \/ 35 % polyesteri &#8211; Koot 12\/14, S-3XL &#8211; Musta Paidan keltainen painatus on samaa s\u00e4vy\u00e4 kuin julisteen keltainen hanuri &#8211; tuotekuvassa s\u00e4vy on todellista vaaleampi.<\/p>\n","protected":false},"featured_media":930,"template":"","meta":{"zakra_page_container_layout":"customizer","zakra_page_sidebar_layout":"customizer","zakra_remove_content_margin":false,"zakra_sidebar":"customizer","zakra_transparent_header":"customizer","zakra_logo":0,"zakra_main_header_style":"default","zakra_menu_item_color":"","zakra_menu_item_hover_color":"","zakra_menu_item_active_color":"","zakra_menu_active_style":"","zakra_page_header":true},"product_brand":[],"product_cat":[46],"product_tag":[],"class_list":{"0":"post-920","1":"product","2":"type-product","3":"status-publish","4":"has-post-thumbnail","6":"product_cat-antti-paalanen","7":"product_shipping_class-antti-paalanen","9":"first","10":"instock","11":"taxable","12":"shipping-taxable","13":"purchasable","14":"product-type-variable"},"_links":{"self":[{"href":"https:\/\/www.matkastudio.fi\/mall_of_matkastudio\/wp-json\/wp\/v2\/product\/920","targetHints":{"allow":["GET"]}}],"collection":[{"href":"https:\/\/www.matkastudio.fi\/mall_of_matkastudio\/wp-json\/wp\/v2\/product"}],"about":[{"href":"https:\/\/www.matkastudio.fi\/mall_of_matkastudio\/wp-json\/wp\/v2\/types\/product"}],"wp:featuredmedia":[{"embeddable":true,"href":"https:\/\/www.matkastudio.fi\/mall_of_matkastudio\/wp-json\/wp\/v2\/media\/930"}],"wp:attachment":[{"href":"https:\/\/www.matkastudio.fi\/mall_of_matkastudio\/wp-json\/wp\/v2\/media?parent=920"}],"wp:term":[{"taxonomy":"product_brand","embeddable":true,"href":"https:\/\/www.matkastudio.fi\/mall_of_matkastudio\/wp-json\/wp\/v2\/product_brand?post=920"},{"taxonomy":"product_cat","embeddable":true,"href":"https:\/\/www.matkastudio.fi\/mall_of_matkastudio\/wp-json\/wp\/v2\/product_cat?post=920"},{"taxonomy":"product_tag","embeddable":true,"href":"https:\/\/www.matkastudio.fi\/mall_of_matkastudio\/wp-json\/wp\/v2\/product_tag?post=920"}],"curies":[{"name":"wp","href":"https:\/\/api.w.org\/{rel}","templated":true}]}}