{"id":973,"date":"2026-03-14T19:38:36","date_gmt":"2026-03-14T17:38:36","guid":{"rendered":"https:\/\/www.matkastudio.fi\/mall_of_matkastudio\/?post_type=product&#038;p=973"},"modified":"2026-03-14T19:41:06","modified_gmt":"2026-03-14T17:41:06","slug":"antti-paalanen-dad-cap-lippis","status":"publish","type":"product","link":"https:\/\/www.matkastudio.fi\/mall_of_matkastudio\/tuote\/antti-paalanen-dad-cap-lippis\/","title":{"rendered":"Antti Paalanen &#8211; DAD CAP LIPPIS"},"content":{"rendered":"<p>Antti Paalanen DAD CAP LIPPIS<\/p>\n<p> &#8211; 100 % puuvilla<br \/>\n &#8211; One size, takaa s\u00e4\u00e4dett\u00e4v\u00e4<br \/>\n &#8211; Musta<br \/>\n &#8211; Hahmo brodeerattu<\/p>\n","protected":false},"excerpt":{"rendered":"<p>Antti Paalanen DAD CAP LIPPIS &#8211; 100 % puuvilla &#8211; One size, takaa s\u00e4\u00e4dett\u00e4v\u00e4 &#8211; Musta &#8211; Hahmo brodeerattu<\/p>\n","protected":false},"featured_media":954,"template":"","meta":{"zakra_page_container_layout":"customizer","zakra_page_sidebar_layout":"customizer","zakra_remove_content_margin":false,"zakra_sidebar":"customizer","zakra_transparent_header":"customizer","zakra_logo":0,"zakra_main_header_style":"default","zakra_menu_item_color":"","zakra_menu_item_hover_color":"","zakra_menu_item_active_color":"","zakra_menu_active_style":"","zakra_page_header":true},"product_brand":[],"product_cat":[46],"product_tag":[],"class_list":{"0":"post-973","1":"product","2":"type-product","3":"status-publish","4":"has-post-thumbnail","6":"product_cat-antti-paalanen","7":"product_shipping_class-antti-paalanen","9":"first","10":"instock","11":"taxable","12":"shipping-taxable","13":"purchasable","14":"product-type-simple"},"_links":{"self":[{"href":"https:\/\/www.matkastudio.fi\/mall_of_matkastudio\/wp-json\/wp\/v2\/product\/973","targetHints":{"allow":["GET"]}}],"collection":[{"href":"https:\/\/www.matkastudio.fi\/mall_of_matkastudio\/wp-json\/wp\/v2\/product"}],"about":[{"href":"https:\/\/www.matkastudio.fi\/mall_of_matkastudio\/wp-json\/wp\/v2\/types\/product"}],"wp:featuredmedia":[{"embeddable":true,"href":"https:\/\/www.matkastudio.fi\/mall_of_matkastudio\/wp-json\/wp\/v2\/media\/954"}],"wp:attachment":[{"href":"https:\/\/www.matkastudio.fi\/mall_of_matkastudio\/wp-json\/wp\/v2\/media?parent=973"}],"wp:term":[{"taxonomy":"product_brand","embeddable":true,"href":"https:\/\/www.matkastudio.fi\/mall_of_matkastudio\/wp-json\/wp\/v2\/product_brand?post=973"},{"taxonomy":"product_cat","embeddable":true,"href":"https:\/\/www.matkastudio.fi\/mall_of_matkastudio\/wp-json\/wp\/v2\/product_cat?post=973"},{"taxonomy":"product_tag","embeddable":true,"href":"https:\/\/www.matkastudio.fi\/mall_of_matkastudio\/wp-json\/wp\/v2\/product_tag?post=973"}],"curies":[{"name":"wp","href":"https:\/\/api.w.org\/{rel}","templated":true}]}}