{"id":986,"date":"2026-04-14T19:37:09","date_gmt":"2026-04-14T16:37:09","guid":{"rendered":"https:\/\/www.matkastudio.fi\/mall_of_matkastudio\/?post_type=product&#038;p=986"},"modified":"2026-04-14T19:39:07","modified_gmt":"2026-04-14T16:39:07","slug":"antti-paalanen-rujo-lp","status":"publish","type":"product","link":"https:\/\/www.matkastudio.fi\/mall_of_matkastudio\/tuote\/antti-paalanen-rujo-lp\/","title":{"rendered":"Antti Paalanen: Rujo LP"},"content":{"rendered":"<p>Antti Paalasen hurjan musiikin v\u00e4linein\u00e4 ovat suomalaisesta kansanmusiikista tutut v\u00e4h\u00e4riviset hanurit. Perinteest\u00e4 innoituksensa saanut Paalanen on kuitenkin luonut t\u00e4ysin oman musiikkimaailmansa, jossa traditioon sekoittuu transsinomainen minimalismi, elektronisen tanssimusiikin hypnoottinen poljento, siperialaisen kurkkulaulutyylin tuomat jylh\u00e4t \u00e4\u00e4nimaisemat sek\u00e4 modernin \u00e4\u00e4nitekniikan hallittu ja oivaltava k\u00e4ytt\u00f6.<\/p>\n<p>&nbsp;<\/p>\n<p>A<br \/>\n1. Dance For Me 03:37<br \/>\n2. El\u00e4 (Gotta Live) 04:37<br \/>\n3. Child In You 04:15<br \/>\n4. Wakamambo (Mambo Horizontal) 03:14<br \/>\n5. Hede &amp; Emi (Pollination) 03:27<\/p>\n<p>B<br \/>\n6. Taivas On Sininen Ja Valkoinen (The Sky Is Blue And White) 03:02<br \/>\n7. Fort Accordion 05:04<br \/>\n8. Hiplaa (Monkey) 03:15<br \/>\n9. Pusu (Kiss) 03:12<br \/>\n10. J\u00e4\u00e4 Hyv\u00e4sti (Farewell) 05:26<\/p>\n","protected":false},"excerpt":{"rendered":"<p>Antti Paalanen: Rujo<\/p>\n<p>Koodi:<br \/>\nJulkaisuvuosi: 2019<\/p>\n<dl class=\"dl-horizontal\">\n<dt>Levy-yhti\u00f6:Rockadillo Records \u200e<\/dt>\n<\/dl>\n<p>Tuotteen tyyppi: CD<\/p>\n","protected":false},"featured_media":641,"template":"","meta":{"zakra_page_container_layout":"customizer","zakra_page_sidebar_layout":"customizer","zakra_remove_content_margin":false,"zakra_sidebar":"customizer","zakra_transparent_header":"customizer","zakra_logo":0,"zakra_main_header_style":"default","zakra_menu_item_color":"","zakra_menu_item_hover_color":"","zakra_menu_item_active_color":"","zakra_menu_active_style":"","zakra_page_header":true},"product_brand":[],"product_cat":[46,31],"product_tag":[],"class_list":{"0":"post-986","1":"product","2":"type-product","3":"status-publish","4":"has-post-thumbnail","6":"product_cat-antti-paalanen","7":"product_cat-levykauppa","8":"product_shipping_class-vinska-kotimaa","10":"first","11":"outofstock","12":"taxable","13":"shipping-taxable","14":"purchasable","15":"product-type-simple"},"_links":{"self":[{"href":"https:\/\/www.matkastudio.fi\/mall_of_matkastudio\/wp-json\/wp\/v2\/product\/986","targetHints":{"allow":["GET"]}}],"collection":[{"href":"https:\/\/www.matkastudio.fi\/mall_of_matkastudio\/wp-json\/wp\/v2\/product"}],"about":[{"href":"https:\/\/www.matkastudio.fi\/mall_of_matkastudio\/wp-json\/wp\/v2\/types\/product"}],"wp:featuredmedia":[{"embeddable":true,"href":"https:\/\/www.matkastudio.fi\/mall_of_matkastudio\/wp-json\/wp\/v2\/media\/641"}],"wp:attachment":[{"href":"https:\/\/www.matkastudio.fi\/mall_of_matkastudio\/wp-json\/wp\/v2\/media?parent=986"}],"wp:term":[{"taxonomy":"product_brand","embeddable":true,"href":"https:\/\/www.matkastudio.fi\/mall_of_matkastudio\/wp-json\/wp\/v2\/product_brand?post=986"},{"taxonomy":"product_cat","embeddable":true,"href":"https:\/\/www.matkastudio.fi\/mall_of_matkastudio\/wp-json\/wp\/v2\/product_cat?post=986"},{"taxonomy":"product_tag","embeddable":true,"href":"https:\/\/www.matkastudio.fi\/mall_of_matkastudio\/wp-json\/wp\/v2\/product_tag?post=986"}],"curies":[{"name":"wp","href":"https:\/\/api.w.org\/{rel}","templated":true}]}}