{"id":988,"date":"2026-04-21T08:50:41","date_gmt":"2026-04-21T05:50:41","guid":{"rendered":"https:\/\/www.matkastudio.fi\/mall_of_matkastudio\/?post_type=product&#038;p=988"},"modified":"2026-04-21T16:53:47","modified_gmt":"2026-04-21T13:53:47","slug":"kansantanssin-pedagogiikka-improvisatorisessa-viitekehyksessa","status":"publish","type":"product","link":"https:\/\/www.matkastudio.fi\/mall_of_matkastudio\/tuote\/kansantanssin-pedagogiikka-improvisatorisessa-viitekehyksessa\/","title":{"rendered":"Kansantanssin pedagogiikka improvisatorisessa viitekehyksess\u00e4"},"content":{"rendered":"<p>Arttu Peltoniemi &#8211; Kansantanssin pedagogiikka improvisatorisessa viitekehyksess\u00e4<\/p>\n<p>Kuvaan t\u00e4ss\u00e4 oppaassa kansantanssin opetuksessa k\u00e4ytt\u00e4mi\u00e4ni pedagogisia l\u00e4ht\u00f6kohtia, tavoitteita ja arvoja. N\u00e4k\u00f6kulmani nousee kansantanssin historiallisesta kontekstista. L\u00e4ht\u00f6kohtani on se, ett\u00e4 kansantanssi ei ole luonteeltaan esitt\u00e4v\u00e4 taide, vaan se on yhteis\u00f6jen tanssia, jolla on sosiaalinen tarkoitus yhteis\u00f6n sis\u00e4ll\u00e4. Pihapiirit, kyl\u00e4t, seurakunnat, nuoriso ja lapset ovat kaikki tarvinneet itsens\u00e4 n\u00e4k\u00f6iset leikit ja pelit, joilla luoda yhteytt\u00e4 toisiin ihmisiin. Oppaan avulla opit ajattelamaan kansantansista improvisatorisessa viitekehyksess\u00e4 ja harjoittamaan sek\u00e4 opettamaan kansanomaista paritanssia improvisatorisesti.<\/p>\n<p>19 sivuinen opas<br \/>\nTaitettu, graaffikon tek\u00e4m\u00e4, l\u00e4hteit\u00e4 l\u00f6ytyy, julkaistu syksyll\u00e4 2025<\/p>\n","protected":false},"excerpt":{"rendered":"<p>Arttu Peltoniemi<\/p>\n<p>Kansantanssin pedagogiikka improvisatorisessa viitekehyksess\u00e4<\/p>\n<p>19 sivuinen opas<br \/>\nJulkaistu syksyll\u00e4 2025<\/p>\n","protected":false},"featured_media":989,"template":"","meta":{"zakra_page_container_layout":"customizer","zakra_page_sidebar_layout":"customizer","zakra_remove_content_margin":false,"zakra_sidebar":"customizer","zakra_transparent_header":"customizer","zakra_logo":0,"zakra_main_header_style":"default","zakra_menu_item_color":"","zakra_menu_item_hover_color":"","zakra_menu_item_active_color":"","zakra_menu_active_style":"","zakra_page_header":true},"product_brand":[],"product_cat":[30,32],"product_tag":[],"class_list":{"0":"post-988","1":"product","2":"type-product","3":"status-publish","4":"has-post-thumbnail","6":"product_cat-levyt-ja-oheistuotteet","7":"product_cat-nuotit","9":"first","10":"instock","11":"taxable","12":"shipping-taxable","13":"purchasable","14":"product-type-simple"},"_links":{"self":[{"href":"https:\/\/www.matkastudio.fi\/mall_of_matkastudio\/wp-json\/wp\/v2\/product\/988","targetHints":{"allow":["GET"]}}],"collection":[{"href":"https:\/\/www.matkastudio.fi\/mall_of_matkastudio\/wp-json\/wp\/v2\/product"}],"about":[{"href":"https:\/\/www.matkastudio.fi\/mall_of_matkastudio\/wp-json\/wp\/v2\/types\/product"}],"wp:featuredmedia":[{"embeddable":true,"href":"https:\/\/www.matkastudio.fi\/mall_of_matkastudio\/wp-json\/wp\/v2\/media\/989"}],"wp:attachment":[{"href":"https:\/\/www.matkastudio.fi\/mall_of_matkastudio\/wp-json\/wp\/v2\/media?parent=988"}],"wp:term":[{"taxonomy":"product_brand","embeddable":true,"href":"https:\/\/www.matkastudio.fi\/mall_of_matkastudio\/wp-json\/wp\/v2\/product_brand?post=988"},{"taxonomy":"product_cat","embeddable":true,"href":"https:\/\/www.matkastudio.fi\/mall_of_matkastudio\/wp-json\/wp\/v2\/product_cat?post=988"},{"taxonomy":"product_tag","embeddable":true,"href":"https:\/\/www.matkastudio.fi\/mall_of_matkastudio\/wp-json\/wp\/v2\/product_tag?post=988"}],"curies":[{"name":"wp","href":"https:\/\/api.w.org\/{rel}","templated":true}]}}